{"id":33,"date":"2022-10-19T14:25:51","date_gmt":"2022-10-19T14:25:51","guid":{"rendered":"https:\/\/www.llandaffcathedral.org.uk\/cy\/visit-educate-explore\/history-of-the-cathedral\/"},"modified":"2024-02-26T10:40:35","modified_gmt":"2024-02-26T10:40:35","slug":"history-of-the-cathedral","status":"publish","type":"page","link":"https:\/\/staging.llandaffcathedral.org.uk\/cy\/discover-the-cathedral\/history-of-the-cathedral\/","title":{"rendered":"Hanes y Gadeirlan"},"content":{"rendered":"\n<p>Bu presenoldeb Cristnogol ar y safle hwn ers y 6ed ganrif, o leiaf, o dan y ddau Esgob cyntaf, Dyfrig (Dubricius) a Theilo. Mae tystiolaeth archeolegol cyn-Normanaidd ar gyfer yr eglwys ganol-oesol i\u2019w gael ar ffurf y groes o\u2019r 10fed\/11eg Ganrif yn yr eil ddeheuol yn ogystal ag \u00f4l beddau wedi\u2019gosod yn yr adeilad ar yr ochr orllewinol.<\/p>\n\n\n\n<p>Mae\u2019r adeilad presennol yn dyddio o\u2019r cyfnod Normanaidd, tua 1120, pan ddaeth yr Esgob Urban \u00e2 gweddillion Sant Dyfrig o Ynys Enlli i Landaf.<\/p>\n\n\n\n<p>Mae bwa\u2019r cysegr yn deillio o gyfnod Urban gyda\u2019i ffurfiau si\u00e2p cylch neu fedaliwn. Mae Gwaith Normanaidd diweddarach yn cael ei gynrychioli gan y porth Gogleddol a\u2019r Porth Deheuol. Mae\u2019r pyrth yma\u2019n dyddio o tua diwedd y ddeuddegfed ganrif, mewn cyfnod pan bu i\u2019r Esgob William Saltmarsh ymestyn neu adfer eglwys Urban gan ddefnyddio seiri maen o Abaty Awgwstin Sant ym Mryste.<\/p>\n\n\n\n<figure class=\"wp-block-image aligncenter size-large is-resized\"><img loading=\"lazy\" decoding=\"async\" src=\"https:\/\/www.llandaffcathedral.org.uk\/cy\/app\/uploads\/2023\/03\/SKM_C550i18060413030-web2-1024x811.jpg\" alt=\"\" class=\"wp-image-1077\" width=\"869\" height=\"689\" srcset=\"https:\/\/staging.llandaffcathedral.org.uk\/app\/uploads\/sites\/2\/2023\/03\/SKM_C550i18060413030-web2-1024x811.jpg 1024w, https:\/\/staging.llandaffcathedral.org.uk\/app\/uploads\/sites\/2\/2023\/03\/SKM_C550i18060413030-web2-300x237.jpg 300w, https:\/\/staging.llandaffcathedral.org.uk\/app\/uploads\/sites\/2\/2023\/03\/SKM_C550i18060413030-web2-768x608.jpg 768w, https:\/\/staging.llandaffcathedral.org.uk\/app\/uploads\/sites\/2\/2023\/03\/SKM_C550i18060413030-web2-1536x1216.jpg 1536w, https:\/\/staging.llandaffcathedral.org.uk\/app\/uploads\/sites\/2\/2023\/03\/SKM_C550i18060413030-web2.jpg 1627w\" sizes=\"auto, (max-width: 869px) 100vw, 869px\" \/><\/figure>\n\n\n\n<p>Olynydd Saltmarsh, Henri o\u2019r Fenni, oedd yn gyfrifol am adeiladu\u2019r talcen gorllewinol Gothig cynnar sy\u2019n parhau hyd heddiw, yn ogystal \u00e2\u2019r Corff. Mae\u2019n bosib y bu i\u2019r esgobion canlynol barhau \u00e2\u2019r gwaith. Mae\u2019r cynllun yn cael ei briodoli i \u2018Ysgol Seiri Maen De Orllewin Lloegr\u2019 sy\u2019n deillio o Wells a Glastonbury. Erbyn canol y 13eg Ganrif, ategwyd T\u0177\u2019r Cabidwl ac yna adeilwyd Capel Mair gan Gwilym Brewys yn ystod ei gyfnod yn esgob (m.1287).<\/p>\n\n\n\n<p>Mae\u2019r gadeirlan wedi dioddef tri chyfnod o galedi o gynnwrf ac adfer. Yn ystod blynyddoedd cynnar y 18fed Ganrif, pan nad oedd to ar gorff y Gadeirlan yn dilyn cwymp y t\u0175r De-ddwyreiniol, adeiladodd y pensaer John Wood yr hynaf o Gaerfaddon Gadeirlan Newydd y tu hwnt i\u2019r corff, ar ffurf teml Eidalaidd.<\/p>\n\n\n\n<p>Dymchwelwyd eglwys Wood, nad oedd yn boblogaidd iawn, yn ystod y cyfnod adfer Fictorianaidd a ddechreuodd yn y 1840au o dan y penseiri John Prichard a John Pollard ac a arweiniodd at adeiladu\u2019r t\u0175r de-orllewinol Newydd (T\u0175r Prichard) ym 1867-1869. Ar Ionawr 2il 1941, glaniodd fom parasiwt ar ochr ddeheuol y Gadeirlan, ar \u00f4l dal ar D\u0175r Prichard. Wedi cwymp y to a\u2019r eil ddeheuol, Llandaf oedd y Gadeirlan a ddioeddefodd y distryw mwyaf yn yr ail ryfel byd ar \u00f4l Coventry. Cyflawnwyd y gwaith o adfer wedi\u2019r rhyfel gan y pensaer George Pace, gyda Chadeirlan ar ei newydd wedd a Chapel Dafydd ar yr ochr ogleddol. Cynhaliwyd gwasanaeth i nodi\u2019r agoriad, a fynychwyd gan y Frenhines Elizabeth II a Thywysog Philip, Dug Caeredin ym 1960.<\/p>\n\n\n<section class=\"child-page-grid block-medium\" aria-label=\"Quick links\">\n  <h2 class=\"show-for-sr\">Quick links<\/h2>\n  <div class=\"single-last-row grid\">\n                          <article class=\"window-card post-34 page type-page status-publish has-post-thumbnail hentry\">\n  <a href=\"https:\/\/staging.llandaffcathedral.org.uk\/cy\/discover-the-cathedral\/history-of-the-cathedral\/cardiff-blitz-1941\/\" title=\"Blitz Caerdydd 1941\" aria-label=\"Blitz Caerdydd 1941\">\n  <div class=\"image\">\n              \n        <img loading=\"lazy\" decoding=\"async\" width=\"640\" height=\"711\" src=\"https:\/\/staging.llandaffcathedral.org.uk\/app\/uploads\/sites\/2\/2023\/05\/Garden-of-Remembrance-pillar-BW5R1149-1-640x711.jpg\" class=\"portrait wp-post-image\" alt=\"\" srcset=\"https:\/\/staging.llandaffcathedral.org.uk\/app\/uploads\/sites\/2\/2023\/05\/Garden-of-Remembrance-pillar-BW5R1149-1-640x711.jpg 640w, https:\/\/staging.llandaffcathedral.org.uk\/app\/uploads\/sites\/2\/2023\/05\/Garden-of-Remembrance-pillar-BW5R1149-1-480x533.jpg 480w\" sizes=\"auto, (max-width: 640px) 100vw, 640px\" \/>\n        <img loading=\"lazy\" decoding=\"async\" width=\"1244\" height=\"425\" src=\"https:\/\/staging.llandaffcathedral.org.uk\/app\/uploads\/sites\/2\/2023\/05\/Garden-of-Remembrance-pillar-BW5R1149-1-1244x425.jpg\" class=\"letterbox wp-post-image\" alt=\"\" \/>\n        <img loading=\"lazy\" decoding=\"async\" width=\"1024\" height=\"696\" src=\"https:\/\/staging.llandaffcathedral.org.uk\/app\/uploads\/sites\/2\/2023\/05\/Garden-of-Remembrance-pillar-BW5R1149-1-1024x696.jpg\" class=\"landscape wp-post-image\" alt=\"\" srcset=\"https:\/\/staging.llandaffcathedral.org.uk\/app\/uploads\/sites\/2\/2023\/05\/Garden-of-Remembrance-pillar-BW5R1149-1-1024x696.jpg 1024w, https:\/\/staging.llandaffcathedral.org.uk\/app\/uploads\/sites\/2\/2023\/05\/Garden-of-Remembrance-pillar-BW5R1149-1-640x435.jpg 640w, https:\/\/staging.llandaffcathedral.org.uk\/app\/uploads\/sites\/2\/2023\/05\/Garden-of-Remembrance-pillar-BW5R1149-1-480x326.jpg 480w\" sizes=\"auto, (max-width: 1024px) 100vw, 1024px\" \/>\n      \n         <\/div>\n\n  <header>\n    <h2 class=\"entry-title\">\n\n      Blitz Caerdydd 1941\n\n    <\/h2>\n  <\/header>\n  <\/a>\n<\/article>\n                  <\/div>\n\n<\/section>\n","protected":false},"excerpt":{"rendered":"<p>Bu presenoldeb Cristnogol ar y safle hwn ers y 6ed ganrif, o leiaf, o dan y ddau Esgob cyntaf, Dyfrig (Dubricius) a Theilo. Mae tystiolaeth archeolegol cyn-Normanaidd ar gyfer yr eglwys ganol-oesol i\u2019w gael ar ffurf y groes o\u2019r 10fed\/11eg Ganrif yn yr eil ddeheuol yn ogystal ag \u00f4l beddau wedi\u2019gosod yn yr adeilad ar &hellip; <a href=\"https:\/\/staging.llandaffcathedral.org.uk\/cy\/discover-the-cathedral\/history-of-the-cathedral\/\">Continued<\/a><\/p>\n","protected":false},"author":2,"featured_media":1051,"parent":999,"menu_order":0,"comment_status":"closed","ping_status":"closed","template":"","meta":{"_acf_changed":false,"footnotes":""},"class_list":["post-33","page","type-page","status-publish","has-post-thumbnail","hentry"],"acf":[],"yoast_head":"<!-- This site is optimized with the Yoast SEO plugin v27.2 - https:\/\/yoast.com\/product\/yoast-seo-wordpress\/ -->\n<title>Hanes y Gadeirlan - Eglwys Gadeiriol Llandaf<\/title>\n<meta name=\"robots\" content=\"noindex, follow, max-snippet:-1, max-image-preview:large, max-video-preview:-1\" \/>\n<meta property=\"og:locale\" content=\"en_US\" \/>\n<meta property=\"og:type\" content=\"article\" \/>\n<meta property=\"og:title\" content=\"Hanes y Gadeirlan - Eglwys Gadeiriol Llandaf\" \/>\n<meta property=\"og:description\" content=\"Bu presenoldeb Cristnogol ar y safle hwn ers y 6ed ganrif, o leiaf, o dan y ddau Esgob cyntaf, Dyfrig (Dubricius) a Theilo. Mae tystiolaeth archeolegol cyn-Normanaidd ar gyfer yr eglwys ganol-oesol i\u2019w gael ar ffurf y groes o\u2019r 10fed\/11eg Ganrif yn yr eil ddeheuol yn ogystal ag \u00f4l beddau wedi\u2019gosod yn yr adeilad ar &hellip; Continued\" \/>\n<meta property=\"og:url\" content=\"https:\/\/staging.llandaffcathedral.org.uk\/cy\/discover-the-cathedral\/history-of-the-cathedral\/\" \/>\n<meta property=\"og:site_name\" content=\"Eglwys Gadeiriol Llandaf\" \/>\n<meta property=\"article:modified_time\" content=\"2024-02-26T10:40:35+00:00\" \/>\n<meta property=\"og:image\" content=\"https:\/\/staging.llandaffcathedral.org.uk\/app\/uploads\/sites\/2\/2023\/03\/BW5R9051.jpg\" \/>\n\t<meta property=\"og:image:width\" content=\"806\" \/>\n\t<meta property=\"og:image:height\" content=\"1209\" \/>\n\t<meta property=\"og:image:type\" content=\"image\/jpeg\" \/>\n<meta name=\"twitter:card\" content=\"summary_large_image\" \/>\n<meta name=\"twitter:label1\" content=\"Est. reading time\" \/>\n\t<meta name=\"twitter:data1\" content=\"3 munud\" \/>\n<script type=\"application\/ld+json\" class=\"yoast-schema-graph\">{\"@context\":\"https:\/\/schema.org\",\"@graph\":[{\"@type\":\"WebPage\",\"@id\":\"https:\/\/staging.llandaffcathedral.org.uk\/cy\/discover-the-cathedral\/history-of-the-cathedral\/\",\"url\":\"https:\/\/staging.llandaffcathedral.org.uk\/cy\/discover-the-cathedral\/history-of-the-cathedral\/\",\"name\":\"Hanes y Gadeirlan - Eglwys Gadeiriol Llandaf\",\"isPartOf\":{\"@id\":\"https:\/\/staging.llandaffcathedral.org.uk\/cy\/#website\"},\"primaryImageOfPage\":{\"@id\":\"https:\/\/staging.llandaffcathedral.org.uk\/cy\/discover-the-cathedral\/history-of-the-cathedral\/#primaryimage\"},\"image\":{\"@id\":\"https:\/\/staging.llandaffcathedral.org.uk\/cy\/discover-the-cathedral\/history-of-the-cathedral\/#primaryimage\"},\"thumbnailUrl\":\"https:\/\/staging.llandaffcathedral.org.uk\/app\/uploads\/sites\/2\/2023\/03\/BW5R9051.jpg\",\"datePublished\":\"2022-10-19T14:25:51+00:00\",\"dateModified\":\"2024-02-26T10:40:35+00:00\",\"breadcrumb\":{\"@id\":\"https:\/\/staging.llandaffcathedral.org.uk\/cy\/discover-the-cathedral\/history-of-the-cathedral\/#breadcrumb\"},\"inLanguage\":\"cy\",\"potentialAction\":[{\"@type\":\"ReadAction\",\"target\":[\"https:\/\/staging.llandaffcathedral.org.uk\/cy\/discover-the-cathedral\/history-of-the-cathedral\/\"]}]},{\"@type\":\"ImageObject\",\"inLanguage\":\"cy\",\"@id\":\"https:\/\/staging.llandaffcathedral.org.uk\/cy\/discover-the-cathedral\/history-of-the-cathedral\/#primaryimage\",\"url\":\"https:\/\/staging.llandaffcathedral.org.uk\/app\/uploads\/sites\/2\/2023\/03\/BW5R9051.jpg\",\"contentUrl\":\"https:\/\/staging.llandaffcathedral.org.uk\/app\/uploads\/sites\/2\/2023\/03\/BW5R9051.jpg\",\"width\":806,\"height\":1209},{\"@type\":\"BreadcrumbList\",\"@id\":\"https:\/\/staging.llandaffcathedral.org.uk\/cy\/discover-the-cathedral\/history-of-the-cathedral\/#breadcrumb\",\"itemListElement\":[{\"@type\":\"ListItem\",\"position\":1,\"name\":\"Home\",\"item\":\"https:\/\/staging.llandaffcathedral.org.uk\/cy\/\"},{\"@type\":\"ListItem\",\"position\":2,\"name\":\"Discover the Cathedral\",\"item\":\"https:\/\/staging.llandaffcathedral.org.uk\/cy\/discover-the-cathedral\/\"},{\"@type\":\"ListItem\",\"position\":3,\"name\":\"Hanes y Gadeirlan\"}]},{\"@type\":\"WebSite\",\"@id\":\"https:\/\/staging.llandaffcathedral.org.uk\/cy\/#website\",\"url\":\"https:\/\/staging.llandaffcathedral.org.uk\/cy\/\",\"name\":\"Eglwys Gadeiriol Llandaf\",\"description\":\"\",\"potentialAction\":[{\"@type\":\"SearchAction\",\"target\":{\"@type\":\"EntryPoint\",\"urlTemplate\":\"https:\/\/staging.llandaffcathedral.org.uk\/cy\/?s={search_term_string}\"},\"query-input\":{\"@type\":\"PropertyValueSpecification\",\"valueRequired\":true,\"valueName\":\"search_term_string\"}}],\"inLanguage\":\"cy\"}]}<\/script>\n<!-- \/ Yoast SEO plugin. -->","yoast_head_json":{"title":"Hanes y Gadeirlan - Eglwys Gadeiriol Llandaf","robots":{"index":"noindex","follow":"follow","max-snippet":"max-snippet:-1","max-image-preview":"max-image-preview:large","max-video-preview":"max-video-preview:-1"},"og_locale":"en_US","og_type":"article","og_title":"Hanes y Gadeirlan - Eglwys Gadeiriol Llandaf","og_description":"Bu presenoldeb Cristnogol ar y safle hwn ers y 6ed ganrif, o leiaf, o dan y ddau Esgob cyntaf, Dyfrig (Dubricius) a Theilo. Mae tystiolaeth archeolegol cyn-Normanaidd ar gyfer yr eglwys ganol-oesol i\u2019w gael ar ffurf y groes o\u2019r 10fed\/11eg Ganrif yn yr eil ddeheuol yn ogystal ag \u00f4l beddau wedi\u2019gosod yn yr adeilad ar &hellip; Continued","og_url":"https:\/\/staging.llandaffcathedral.org.uk\/cy\/discover-the-cathedral\/history-of-the-cathedral\/","og_site_name":"Eglwys Gadeiriol Llandaf","article_modified_time":"2024-02-26T10:40:35+00:00","og_image":[{"width":806,"height":1209,"url":"https:\/\/staging.llandaffcathedral.org.uk\/app\/uploads\/sites\/2\/2023\/03\/BW5R9051.jpg","type":"image\/jpeg"}],"twitter_card":"summary_large_image","twitter_misc":{"Est. reading time":"3 munud"},"schema":{"@context":"https:\/\/schema.org","@graph":[{"@type":"WebPage","@id":"https:\/\/staging.llandaffcathedral.org.uk\/cy\/discover-the-cathedral\/history-of-the-cathedral\/","url":"https:\/\/staging.llandaffcathedral.org.uk\/cy\/discover-the-cathedral\/history-of-the-cathedral\/","name":"Hanes y Gadeirlan - Eglwys Gadeiriol Llandaf","isPartOf":{"@id":"https:\/\/staging.llandaffcathedral.org.uk\/cy\/#website"},"primaryImageOfPage":{"@id":"https:\/\/staging.llandaffcathedral.org.uk\/cy\/discover-the-cathedral\/history-of-the-cathedral\/#primaryimage"},"image":{"@id":"https:\/\/staging.llandaffcathedral.org.uk\/cy\/discover-the-cathedral\/history-of-the-cathedral\/#primaryimage"},"thumbnailUrl":"https:\/\/staging.llandaffcathedral.org.uk\/app\/uploads\/sites\/2\/2023\/03\/BW5R9051.jpg","datePublished":"2022-10-19T14:25:51+00:00","dateModified":"2024-02-26T10:40:35+00:00","breadcrumb":{"@id":"https:\/\/staging.llandaffcathedral.org.uk\/cy\/discover-the-cathedral\/history-of-the-cathedral\/#breadcrumb"},"inLanguage":"cy","potentialAction":[{"@type":"ReadAction","target":["https:\/\/staging.llandaffcathedral.org.uk\/cy\/discover-the-cathedral\/history-of-the-cathedral\/"]}]},{"@type":"ImageObject","inLanguage":"cy","@id":"https:\/\/staging.llandaffcathedral.org.uk\/cy\/discover-the-cathedral\/history-of-the-cathedral\/#primaryimage","url":"https:\/\/staging.llandaffcathedral.org.uk\/app\/uploads\/sites\/2\/2023\/03\/BW5R9051.jpg","contentUrl":"https:\/\/staging.llandaffcathedral.org.uk\/app\/uploads\/sites\/2\/2023\/03\/BW5R9051.jpg","width":806,"height":1209},{"@type":"BreadcrumbList","@id":"https:\/\/staging.llandaffcathedral.org.uk\/cy\/discover-the-cathedral\/history-of-the-cathedral\/#breadcrumb","itemListElement":[{"@type":"ListItem","position":1,"name":"Home","item":"https:\/\/staging.llandaffcathedral.org.uk\/cy\/"},{"@type":"ListItem","position":2,"name":"Discover the Cathedral","item":"https:\/\/staging.llandaffcathedral.org.uk\/cy\/discover-the-cathedral\/"},{"@type":"ListItem","position":3,"name":"Hanes y Gadeirlan"}]},{"@type":"WebSite","@id":"https:\/\/staging.llandaffcathedral.org.uk\/cy\/#website","url":"https:\/\/staging.llandaffcathedral.org.uk\/cy\/","name":"Eglwys Gadeiriol Llandaf","description":"","potentialAction":[{"@type":"SearchAction","target":{"@type":"EntryPoint","urlTemplate":"https:\/\/staging.llandaffcathedral.org.uk\/cy\/?s={search_term_string}"},"query-input":{"@type":"PropertyValueSpecification","valueRequired":true,"valueName":"search_term_string"}}],"inLanguage":"cy"}]}},"_links":{"self":[{"href":"https:\/\/staging.llandaffcathedral.org.uk\/cy\/wp-json\/wp\/v2\/pages\/33","targetHints":{"allow":["GET"]}}],"collection":[{"href":"https:\/\/staging.llandaffcathedral.org.uk\/cy\/wp-json\/wp\/v2\/pages"}],"about":[{"href":"https:\/\/staging.llandaffcathedral.org.uk\/cy\/wp-json\/wp\/v2\/types\/page"}],"author":[{"embeddable":true,"href":"https:\/\/staging.llandaffcathedral.org.uk\/cy\/wp-json\/wp\/v2\/users\/2"}],"replies":[{"embeddable":true,"href":"https:\/\/staging.llandaffcathedral.org.uk\/cy\/wp-json\/wp\/v2\/comments?post=33"}],"version-history":[{"count":6,"href":"https:\/\/staging.llandaffcathedral.org.uk\/cy\/wp-json\/wp\/v2\/pages\/33\/revisions"}],"predecessor-version":[{"id":4487,"href":"https:\/\/staging.llandaffcathedral.org.uk\/cy\/wp-json\/wp\/v2\/pages\/33\/revisions\/4487"}],"up":[{"embeddable":true,"href":"https:\/\/staging.llandaffcathedral.org.uk\/cy\/wp-json\/wp\/v2\/pages\/999"}],"wp:featuredmedia":[{"embeddable":true,"href":"https:\/\/staging.llandaffcathedral.org.uk\/cy\/wp-json\/wp\/v2\/media\/1051"}],"wp:attachment":[{"href":"https:\/\/staging.llandaffcathedral.org.uk\/cy\/wp-json\/wp\/v2\/media?parent=33"}],"curies":[{"name":"wp","href":"https:\/\/api.w.org\/{rel}","templated":true}]}}