{"id":26,"date":"2022-10-19T14:25:07","date_gmt":"2022-10-19T14:25:07","guid":{"rendered":"https:\/\/www.llandaffcathedral.org.uk\/cy\/music\/the-cathedral-parish-choir\/"},"modified":"2024-02-27T14:53:49","modified_gmt":"2024-02-27T14:53:49","slug":"majestas-choirs","status":"publish","type":"page","link":"https:\/\/staging.llandaffcathedral.org.uk\/cy\/music\/majestas-choirs\/","title":{"rendered":"Corau\u2019r Majestas"},"content":{"rendered":"\n<h2 class=\"wp-block-heading\">Majestas Kids<\/h2>\n\n\n\n<p>Gr\u0175p cerddorol yw Majestas Kids i blant 7-11 oed. Ei nod yw datblygu sgiliau, gwybodaeth a dealltwriaeth cerddorol plant drwy amrywiaeth o weithgareddau cerddorol gan gynnwys canu, gwaith rhythm, gemau a gweithgareddau creadigol. Cynigir cyfleoedd perfformio ar adegau yn ystod y flwyddyn. Mae&#8217;r gr\u0175p hwn AM DDIM ac yn cael ei gynnal rhwng 10-11a.m ar fore Sadwrn yn ystod tymor yr ysgol. Does dim angen unrhyw brofiad blaenorol.<\/p>\n\n\n\n<p>Cysylltwch \u00e2 Rachel Kilby am fwy o wybodaeth yn <a href=\"mailto:rachelkilby@llandaffcathedral.org.uk\">rachelkilby@llandaffcathedral.org.uk<\/a><\/p>\n\n\n<div class=\"buttons align-center\">\n    <a href=\"https:\/\/www.llandaffcathedral.org.uk\/cy\/app\/uploads\/2023\/11\/2023-MK-Leaflet-Bilingual-DL.pdf\" title=\"Lawrlwythwch daflen Criw Majestas\" target=\"_blank\" rel=\"noopener norefferer\"\n       class=\"button primary   \">\n\n      \n      Lawrlwythwch daflen Criw Majestas\n    <\/a>\n  <\/div>\n\n\n\n<h2 class=\"wp-block-heading\">Majestas Consort<\/h2>\n\n\n\n<p>C\u00f4r gwirfoddol y Gadeirlan ar gyfer oedolion yw\u2019r Majestas Consort. Maen nhw\u2019n gr\u0175p o tua 30 o gantorion amatur cyfeillgar sy\u2019n perfformio 2-3 gwaith y tymor. Mae&#8217;r achlysuron hyn fel arfer yn cyd-fynd \u00e2 gwleddoedd pwysig yng nghalendr y Gadeirlan, gan gynnwys gwasanaethau ar \u0174yl yr Holl Eneidiau, Dydd Mercher y Lludw, Sul y Dioddefaint a Chymun Cyntaf y Nadolig. Mae eu repertoire yn ymestyn o gerddoriaeth y dadeni hyd at weithiau&#8217;r 21ain Ganrif. Mae perfformiadau diweddar wedi cynnwys Requiems Gabriel Faur\u00e9, Maurice Durufl\u00e9 a John Rutter, yn ogystal \u00e2 gosodiad Bob Chilcott o Ddioddefaint Sant Ioan.<\/p>\n\n\n\n<p>Mae\u2019r amserlenni ymarfer yn hyblyg. Yn gyffredinol, mae Consort y Gadeirlan yn cwrdd i ymarfer ar ddau neu dri dydd Gwener cyn eu perfformiad. Os oes gennych ddiddordeb mewn ymuno \u00e2 Chonsort y Gadeirlan, cysylltwch \u00e2\u2019r Dirprwy Gyfarwyddwr Cerdd, Aaron Shilson, ar<br>e-bost: <a href=\"mailto:aaronshilson@llandaffcathedral.org.uk\" target=\"_blank\" rel=\"noreferrer noopener\">aaronshilson@llandaffcathedral.org.uk<\/a><\/p>\n\n\n\n<figure class=\"wp-block-embed is-type-video is-provider-youtube wp-block-embed-youtube wp-embed-aspect-16-9 wp-has-aspect-ratio\"><div class=\"wp-block-embed__wrapper\">\n<iframe loading=\"lazy\" title=\"Cathedral Consort\" width=\"500\" height=\"281\" src=\"https:\/\/www.youtube.com\/embed\/RA3nB-0frQY?feature=oembed\" frameborder=\"0\" allow=\"accelerometer; autoplay; clipboard-write; encrypted-media; gyroscope; picture-in-picture; web-share\" referrerpolicy=\"strict-origin-when-cross-origin\" allowfullscreen><\/iframe>\n<\/div><\/figure>\n","protected":false},"excerpt":{"rendered":"<p>Majestas Kids Gr\u0175p cerddorol yw Majestas Kids i blant 7-11 oed. Ei nod yw datblygu sgiliau, gwybodaeth a dealltwriaeth cerddorol plant drwy amrywiaeth o weithgareddau cerddorol gan gynnwys canu, gwaith rhythm, gemau a gweithgareddau creadigol. Cynigir cyfleoedd perfformio ar adegau yn ystod y flwyddyn. Mae&#8217;r gr\u0175p hwn AM DDIM ac yn cael ei gynnal rhwng &hellip; <a href=\"https:\/\/staging.llandaffcathedral.org.uk\/cy\/music\/majestas-choirs\/\">Continued<\/a><\/p>\n","protected":false},"author":1,"featured_media":1285,"parent":8,"menu_order":0,"comment_status":"closed","ping_status":"closed","template":"","meta":{"_acf_changed":false,"footnotes":""},"class_list":["post-26","page","type-page","status-publish","has-post-thumbnail","hentry"],"acf":[],"yoast_head":"<!-- This site is optimized with the Yoast SEO plugin v27.2 - https:\/\/yoast.com\/product\/yoast-seo-wordpress\/ -->\n<title>Corau\u2019r Majestas - Eglwys Gadeiriol Llandaf<\/title>\n<meta name=\"robots\" content=\"noindex, follow, max-snippet:-1, max-image-preview:large, max-video-preview:-1\" \/>\n<meta property=\"og:locale\" content=\"en_US\" \/>\n<meta property=\"og:type\" content=\"article\" \/>\n<meta property=\"og:title\" content=\"Corau\u2019r Majestas - Eglwys Gadeiriol Llandaf\" \/>\n<meta property=\"og:description\" content=\"Majestas Kids Gr\u0175p cerddorol yw Majestas Kids i blant 7-11 oed. Ei nod yw datblygu sgiliau, gwybodaeth a dealltwriaeth cerddorol plant drwy amrywiaeth o weithgareddau cerddorol gan gynnwys canu, gwaith rhythm, gemau a gweithgareddau creadigol. Cynigir cyfleoedd perfformio ar adegau yn ystod y flwyddyn. Mae&#8217;r gr\u0175p hwn AM DDIM ac yn cael ei gynnal rhwng &hellip; Continued\" \/>\n<meta property=\"og:url\" content=\"https:\/\/staging.llandaffcathedral.org.uk\/cy\/music\/majestas-choirs\/\" \/>\n<meta property=\"og:site_name\" content=\"Eglwys Gadeiriol Llandaf\" \/>\n<meta property=\"article:modified_time\" content=\"2024-02-27T14:53:49+00:00\" \/>\n<meta property=\"og:image\" content=\"https:\/\/staging.llandaffcathedral.org.uk\/app\/uploads\/sites\/2\/2023\/04\/Screenshot-159-1.jpeg\" \/>\n\t<meta property=\"og:image:width\" content=\"1920\" \/>\n\t<meta property=\"og:image:height\" content=\"1080\" \/>\n\t<meta property=\"og:image:type\" content=\"image\/jpeg\" \/>\n<meta name=\"twitter:card\" content=\"summary_large_image\" \/>\n<meta name=\"twitter:label1\" content=\"Est. reading time\" \/>\n\t<meta name=\"twitter:data1\" content=\"2 funud\" \/>\n<script type=\"application\/ld+json\" class=\"yoast-schema-graph\">{\"@context\":\"https:\/\/schema.org\",\"@graph\":[{\"@type\":\"WebPage\",\"@id\":\"https:\/\/staging.llandaffcathedral.org.uk\/cy\/music\/majestas-choirs\/\",\"url\":\"https:\/\/staging.llandaffcathedral.org.uk\/cy\/music\/majestas-choirs\/\",\"name\":\"Corau\u2019r Majestas - Eglwys Gadeiriol Llandaf\",\"isPartOf\":{\"@id\":\"https:\/\/staging.llandaffcathedral.org.uk\/cy\/#website\"},\"primaryImageOfPage\":{\"@id\":\"https:\/\/staging.llandaffcathedral.org.uk\/cy\/music\/majestas-choirs\/#primaryimage\"},\"image\":{\"@id\":\"https:\/\/staging.llandaffcathedral.org.uk\/cy\/music\/majestas-choirs\/#primaryimage\"},\"thumbnailUrl\":\"https:\/\/staging.llandaffcathedral.org.uk\/app\/uploads\/sites\/2\/2023\/04\/Screenshot-159-1.jpeg\",\"datePublished\":\"2022-10-19T14:25:07+00:00\",\"dateModified\":\"2024-02-27T14:53:49+00:00\",\"breadcrumb\":{\"@id\":\"https:\/\/staging.llandaffcathedral.org.uk\/cy\/music\/majestas-choirs\/#breadcrumb\"},\"inLanguage\":\"cy\",\"potentialAction\":[{\"@type\":\"ReadAction\",\"target\":[\"https:\/\/staging.llandaffcathedral.org.uk\/cy\/music\/majestas-choirs\/\"]}]},{\"@type\":\"ImageObject\",\"inLanguage\":\"cy\",\"@id\":\"https:\/\/staging.llandaffcathedral.org.uk\/cy\/music\/majestas-choirs\/#primaryimage\",\"url\":\"https:\/\/staging.llandaffcathedral.org.uk\/app\/uploads\/sites\/2\/2023\/04\/Screenshot-159-1.jpeg\",\"contentUrl\":\"https:\/\/staging.llandaffcathedral.org.uk\/app\/uploads\/sites\/2\/2023\/04\/Screenshot-159-1.jpeg\",\"width\":1920,\"height\":1080},{\"@type\":\"BreadcrumbList\",\"@id\":\"https:\/\/staging.llandaffcathedral.org.uk\/cy\/music\/majestas-choirs\/#breadcrumb\",\"itemListElement\":[{\"@type\":\"ListItem\",\"position\":1,\"name\":\"Home\",\"item\":\"https:\/\/staging.llandaffcathedral.org.uk\/cy\/\"},{\"@type\":\"ListItem\",\"position\":2,\"name\":\"Cerddoriaeth\",\"item\":\"https:\/\/staging.llandaffcathedral.org.uk\/cy\/music\/\"},{\"@type\":\"ListItem\",\"position\":3,\"name\":\"Corau\u2019r Majestas\"}]},{\"@type\":\"WebSite\",\"@id\":\"https:\/\/staging.llandaffcathedral.org.uk\/cy\/#website\",\"url\":\"https:\/\/staging.llandaffcathedral.org.uk\/cy\/\",\"name\":\"Eglwys Gadeiriol Llandaf\",\"description\":\"\",\"potentialAction\":[{\"@type\":\"SearchAction\",\"target\":{\"@type\":\"EntryPoint\",\"urlTemplate\":\"https:\/\/staging.llandaffcathedral.org.uk\/cy\/?s={search_term_string}\"},\"query-input\":{\"@type\":\"PropertyValueSpecification\",\"valueRequired\":true,\"valueName\":\"search_term_string\"}}],\"inLanguage\":\"cy\"}]}<\/script>\n<!-- \/ Yoast SEO plugin. -->","yoast_head_json":{"title":"Corau\u2019r Majestas - Eglwys Gadeiriol Llandaf","robots":{"index":"noindex","follow":"follow","max-snippet":"max-snippet:-1","max-image-preview":"max-image-preview:large","max-video-preview":"max-video-preview:-1"},"og_locale":"en_US","og_type":"article","og_title":"Corau\u2019r Majestas - Eglwys Gadeiriol Llandaf","og_description":"Majestas Kids Gr\u0175p cerddorol yw Majestas Kids i blant 7-11 oed. Ei nod yw datblygu sgiliau, gwybodaeth a dealltwriaeth cerddorol plant drwy amrywiaeth o weithgareddau cerddorol gan gynnwys canu, gwaith rhythm, gemau a gweithgareddau creadigol. Cynigir cyfleoedd perfformio ar adegau yn ystod y flwyddyn. Mae&#8217;r gr\u0175p hwn AM DDIM ac yn cael ei gynnal rhwng &hellip; Continued","og_url":"https:\/\/staging.llandaffcathedral.org.uk\/cy\/music\/majestas-choirs\/","og_site_name":"Eglwys Gadeiriol Llandaf","article_modified_time":"2024-02-27T14:53:49+00:00","og_image":[{"width":1920,"height":1080,"url":"https:\/\/staging.llandaffcathedral.org.uk\/app\/uploads\/sites\/2\/2023\/04\/Screenshot-159-1.jpeg","type":"image\/jpeg"}],"twitter_card":"summary_large_image","twitter_misc":{"Est. reading time":"2 funud"},"schema":{"@context":"https:\/\/schema.org","@graph":[{"@type":"WebPage","@id":"https:\/\/staging.llandaffcathedral.org.uk\/cy\/music\/majestas-choirs\/","url":"https:\/\/staging.llandaffcathedral.org.uk\/cy\/music\/majestas-choirs\/","name":"Corau\u2019r Majestas - Eglwys Gadeiriol Llandaf","isPartOf":{"@id":"https:\/\/staging.llandaffcathedral.org.uk\/cy\/#website"},"primaryImageOfPage":{"@id":"https:\/\/staging.llandaffcathedral.org.uk\/cy\/music\/majestas-choirs\/#primaryimage"},"image":{"@id":"https:\/\/staging.llandaffcathedral.org.uk\/cy\/music\/majestas-choirs\/#primaryimage"},"thumbnailUrl":"https:\/\/staging.llandaffcathedral.org.uk\/app\/uploads\/sites\/2\/2023\/04\/Screenshot-159-1.jpeg","datePublished":"2022-10-19T14:25:07+00:00","dateModified":"2024-02-27T14:53:49+00:00","breadcrumb":{"@id":"https:\/\/staging.llandaffcathedral.org.uk\/cy\/music\/majestas-choirs\/#breadcrumb"},"inLanguage":"cy","potentialAction":[{"@type":"ReadAction","target":["https:\/\/staging.llandaffcathedral.org.uk\/cy\/music\/majestas-choirs\/"]}]},{"@type":"ImageObject","inLanguage":"cy","@id":"https:\/\/staging.llandaffcathedral.org.uk\/cy\/music\/majestas-choirs\/#primaryimage","url":"https:\/\/staging.llandaffcathedral.org.uk\/app\/uploads\/sites\/2\/2023\/04\/Screenshot-159-1.jpeg","contentUrl":"https:\/\/staging.llandaffcathedral.org.uk\/app\/uploads\/sites\/2\/2023\/04\/Screenshot-159-1.jpeg","width":1920,"height":1080},{"@type":"BreadcrumbList","@id":"https:\/\/staging.llandaffcathedral.org.uk\/cy\/music\/majestas-choirs\/#breadcrumb","itemListElement":[{"@type":"ListItem","position":1,"name":"Home","item":"https:\/\/staging.llandaffcathedral.org.uk\/cy\/"},{"@type":"ListItem","position":2,"name":"Cerddoriaeth","item":"https:\/\/staging.llandaffcathedral.org.uk\/cy\/music\/"},{"@type":"ListItem","position":3,"name":"Corau\u2019r Majestas"}]},{"@type":"WebSite","@id":"https:\/\/staging.llandaffcathedral.org.uk\/cy\/#website","url":"https:\/\/staging.llandaffcathedral.org.uk\/cy\/","name":"Eglwys Gadeiriol Llandaf","description":"","potentialAction":[{"@type":"SearchAction","target":{"@type":"EntryPoint","urlTemplate":"https:\/\/staging.llandaffcathedral.org.uk\/cy\/?s={search_term_string}"},"query-input":{"@type":"PropertyValueSpecification","valueRequired":true,"valueName":"search_term_string"}}],"inLanguage":"cy"}]}},"_links":{"self":[{"href":"https:\/\/staging.llandaffcathedral.org.uk\/cy\/wp-json\/wp\/v2\/pages\/26","targetHints":{"allow":["GET"]}}],"collection":[{"href":"https:\/\/staging.llandaffcathedral.org.uk\/cy\/wp-json\/wp\/v2\/pages"}],"about":[{"href":"https:\/\/staging.llandaffcathedral.org.uk\/cy\/wp-json\/wp\/v2\/types\/page"}],"author":[{"embeddable":true,"href":"https:\/\/staging.llandaffcathedral.org.uk\/cy\/wp-json\/wp\/v2\/users\/1"}],"replies":[{"embeddable":true,"href":"https:\/\/staging.llandaffcathedral.org.uk\/cy\/wp-json\/wp\/v2\/comments?post=26"}],"version-history":[{"count":22,"href":"https:\/\/staging.llandaffcathedral.org.uk\/cy\/wp-json\/wp\/v2\/pages\/26\/revisions"}],"predecessor-version":[{"id":4531,"href":"https:\/\/staging.llandaffcathedral.org.uk\/cy\/wp-json\/wp\/v2\/pages\/26\/revisions\/4531"}],"up":[{"embeddable":true,"href":"https:\/\/staging.llandaffcathedral.org.uk\/cy\/wp-json\/wp\/v2\/pages\/8"}],"wp:featuredmedia":[{"embeddable":true,"href":"https:\/\/staging.llandaffcathedral.org.uk\/cy\/wp-json\/wp\/v2\/media\/1285"}],"wp:attachment":[{"href":"https:\/\/staging.llandaffcathedral.org.uk\/cy\/wp-json\/wp\/v2\/media?parent=26"}],"curies":[{"name":"wp","href":"https:\/\/api.w.org\/{rel}","templated":true}]}}