{"id":25,"date":"2022-10-19T14:25:06","date_gmt":"2022-10-19T14:25:06","guid":{"rendered":"https:\/\/www.llandaffcathedral.org.uk\/cy\/music\/the-cathedral-choir\/"},"modified":"2024-02-26T14:18:44","modified_gmt":"2024-02-26T14:18:44","slug":"the-cathedral-choir","status":"publish","type":"page","link":"https:\/\/staging.llandaffcathedral.org.uk\/cy\/music\/the-cathedral-choir\/","title":{"rendered":"C\u00f4r y Gadeirlan"},"content":{"rendered":"\n<p>Mae C\u00f4r y Gadeirlan yn canu mewn saith gwasanaeth yr wythnos yn ystod y tymor. Dechreuodd y c\u00f4r yn ei ffurf bresennol yn dilyn adferiad Fictoraidd adeilad y Gadeirlan, a sefydlwyd Ysgol y Gadeirlan yn Llandaf gan Dean Henry Vaughan yn 1880 i addysgu bechgyn C\u00f4r y Gadeirlan. Sefydlwyd C\u00f4r Merched y Gadeirlan gan Ysgol y Gadeirlan yn 1996, ac yn dilyn newid hanesyddol yn 2021, cafodd y merched eu croesawu\u2019n ffurfiol i adran gerdd y Gadeirlan ac yn rhan o G\u00f4r y Gadeirlan. O fis Medi 2022, gwireddwyd cyfle cyfartal llawn i fechgyn a merched sy&#8217;n dymuno bod yn aelodau o\u2019r c\u00f4r yn Llandaf, ac maen nhw bellach yn rhannu dyletswyddau yn gyfartal. Mae holl aelodau\u2019r C\u00f4r yn mynychu Ysgol y Gadeirlan sef yr unig Ysgol Eglwys Gadeiriol Anglicanaidd sy\u2019n weddill yng Nghymru.<\/p>\n\n\n\n<p>Mae Rhes Gefn C\u00f4r y Gadeirlan yn cynnwys t\u00eem talentog o oedolion sy\u2019n gantorion lleyg ac Ysgolorion Corawl sy\u2019n canu Alto, Tenor a Bas. Maen nhw\u2019n ymuno ag aelodau\u2019r c\u00f4r yn y rownd wythnosol o wasanaethau, ac mewn cyngherddau, recordiadau, darllediadau a digwyddiadau eraill. Mae\u2019r C\u00f4r wedi\u2019i glywed yn rhyngwladol ar ddarllediadau, yn fwyaf diweddar ar gyfer gwasanaeth a fynychwyd gan Ei Fawrhydi Y Brenin a\u2019r Frenhines Gydweddog a ddarlledwyd yn fyw ar draws y byd.<\/p>\n\n\n<section class=\"choir-socials block\" aria-label=\"Choir socials\">\n  <p>More information can be found on the Cathedral Choir&#039;s socials<\/p>\n  <ul>\n    <li>\n      <a href=\"https:\/\/www.facebook.com\/LlandaffCathedralChoir\">\n        <span class=\"show-for-sr\">Facebook channel<\/span>\n        <img decoding=\"async\" src=\"https:\/\/staging.llandaffcathedral.org.uk\/app\/themes\/llandaffcathedral\/public\/images\/icons\/facebook-burgundy.svg\" alt=\"Facebook icon\" \/>\n      <\/a>\n    <\/li>\n    <li>\n      <a href=\"https:\/\/twitter.com\/LlandaffChoir\">\n        <span class=\"show-for-sr\">Twitter channel<\/span>\n        <img decoding=\"async\" src=\"https:\/\/staging.llandaffcathedral.org.uk\/app\/themes\/llandaffcathedral\/public\/images\/icons\/twitter-burgundy.svg\" alt=\"Twitter icon\" \/>\n      <\/a>\n    <\/li>\n  <\/ul>\n<\/section>\n\n\n<ul class=\"accordion\" data-accordion data-allow-all-closed=\"true\">\n  \n<li class=\"accordion-item \" data-accordion-item>\n  <a class=\"accordion-title\">Aelodau\u2019r C\u00f4r<\/a>\n  <div class=\"accordion-content\" data-tab-content>\n    \n\n<p>Mae aelodau c\u00f4r Eglwys Gadeiriol Llandaf yn cynnwys deunaw o fechgyn a deunaw o ferched. Mae\u2019r ddau g\u00f4r, sydd ar wah\u00e2n, yn canu mewn gwasanaethau bob wythnos gydag oedolion y c\u00f4r, ac yn perfformio ar eu pen eu hunain yn achlysurol. Caiff holl aelodau\u2019r corau eu haddysgu yn Ysgol y Gadeirlan, Llandaf. Dyfernir ysgoloriaethau i aelodau\u2019r corau ar ffurf gostyngiad hael yn eu ffioedd ysgol.<\/p>\n\n\n\n<p>Fel arfer, mae aelodau\u2019r C\u00f4r ar gyfnod prawf ym Mlwyddyn 4 neu Flwyddyn 5 (8 neu 9 oed) ond gall hyn amrywio, ac rydyn ni\u2019n croesawu ymholiadau yngl\u0177n \u00e2 mynediad i unrhyw gr\u0175p blwyddyn. Maen nhw\u2019n gadael y c\u00f4r fel arfer ar ddiwedd Blwyddyn 9 (14 oed) neu pan fydd llais bachgen yn newid.<\/p>\n\n\n\n<p>Mae\u2019r newydd ddyfodiaid i\u2019r c\u00f4r yn cymryd rhan mewn rhaglen ragarweiniol blwyddyn o hyd lle maen nhw\u2019n ymgymryd ag amserlen \u00e2 llai o ddyletswyddau ac yn treulio amser yn gweithio gyda&#8217;r Hyfforddwr Llais, gan ganiat\u00e1u iddyn nhw addasu i fywyd y c\u00f4r yn raddol.<\/p>\n\n\n\n<p>Mae\u2019r C\u00f4r yn darparu cerddoriaeth ar gyfer yr addoli dyddiol yn Eglwys Gadeiriol&nbsp; Llandaf ac yn canu mewn saith gwasanaeth yr wythnos yn ystod y tymor. Maen nhw\u2019n ymarfer bob bore cyn ysgol. Maen nhw\u2019n canu yn y Gosber bob yn ail noson yn ystod yr wythnos, yn rhannu&#8217;r gwasanaethau ar y penwythnosau, ac yn cymryd rhan mewn gwasanaethau arbennig adeg y Pasg a&#8217;r Nadolig yn ogystal \u00e2 digwyddiadau Esgobaethol a Chenedlaethol.<\/p>\n\n\n\n<p>Mae aelodau\u2019r c\u00f4r yn cael nifer o gyfleoedd, gan gynnwys cymryd rhan mewn cyngherddau, teithiau, recordiadau masnachol a darllediadau radio a theledu.<\/p>\n\n\n\n<p>Cynhelir clyweliadau am aelodau newydd o\u2019r c\u00f4r yn ystod tymor y Gwanwyn. Gellir cael mwy o wybodaeth am lefydd yn y c\u00f4r ar wefan Ysgol y Gadeirlan <a href=\"https:\/\/www.cathedral-school.co.uk\/becoming-a-chorister.html\">fan hyn<\/a>.<\/p>\n\n\n  <\/div>\n<\/li>\n\n\n<li class=\"accordion-item \" data-accordion-item>\n  <a class=\"accordion-title\">Cantorion sy\u2019n Oedolion<\/a>\n  <div class=\"accordion-content\" data-tab-content>\n    \n\n<p>Mae Rhes Gefn C\u00f4r y Gadeirlan yn cynnwys t\u00eem ymroddedig o oedolion sy\u2019n canu Alto, Tenor a Bas. Maen nhw\u2019n ymuno ag aelodau\u2019r c\u00f4r yn y gwasanaethau yn ystod yr wythnosol ac ar benwythnosau, ac mewn recordiadau, darllediadau, ac weithiau\u2019n canu fel gr\u0175p ar wah\u00e2n. Mae gan G\u00f4r y Gadeirlan repertoire eang o gerddoriaeth, ac mae aelodau\u2019r Rhes Gefn yn gantorion corawl profiadol a thalentog sy\u2019n dod o bob cefndir; mae rhai yn gantorion proffesiynol neu led-broffesiynol, eraill yn fyfyrwyr a nifer o alwedigaethau eraill heblaw hynny.<\/p>\n\n\n\n<p>Mae gennym wastad diddordeb mewn clywed gan bobl a hoffai ymuno \u00e2&#8217;n t\u00eem.<\/p>\n\n\n  <\/div>\n<\/li>\n\n\n<li class=\"accordion-item \" data-accordion-item>\n  <a class=\"accordion-title\">Ysgolorion Corawl<\/a>\n  <div class=\"accordion-content\" data-tab-content>\n    \n\n<p>Mae Eglwys Gadeiriol Llandaf yn falch o allu cynnig tair Ysgoloriaeth Gorawl (un yr un ar gyfer Alto, Tenor a Bas) bob blwyddyn academaidd.&nbsp; Mae\u2019r ysgoloriaethau hyn yn cynnig cyfle unigryw i fyfyrwyr israddedig ac \u00f4l-raddedig i brofi bywyd mewn adran gerdd egn\u00efol, gan ganu ochr yn ochr \u00e2\u2019n rhes gefn mewn cyngherddau, recordiadau a darllediadau o bwys. Mae cyfleoedd hefyd i ymwneud \u00e2 bywyd ehangach cymuned y Gadeirlan. Ochr yn ochr \u00e2&#8217;r t\u00e2l blynyddol, daw&#8217;r ysgoloriaethau \u00e2 bwrsari blynyddol pellach ar gyfer gwersi cerddoriaeth neu sgorau cerddorol, a&#8217;r cyfle am waith cyflogedig pellach gyda Ch\u05c5\u00f4r y Gadeirlan ar adegau sydd y tu allan i amserlen arferol yr ysgolor.<\/p>\n\n\n\n<p>Am fwy o wybodaeth yngl\u0177n \u00e2\u2019r Ysgoloriaethau Corawl, cysylltwch \u00e2\u2019r Cyfarwyddwr Cerdd, <a href=\"mailto:stephenmoore@llandaffcathedral.org\">Stephen Moore<\/a><\/p>\n\n\n  <\/div>\n<\/li>\n\n\n<\/ul>\n\n\n\n<figure class=\"wp-block-image aligncenter size-large\"><img loading=\"lazy\" decoding=\"async\" width=\"1024\" height=\"683\" src=\"https:\/\/www.llandaffcathedral.org.uk\/cy\/app\/uploads\/2023\/09\/20230709_ADP_2559-Enhanced-NR-1024x683.jpg\" alt=\"\" class=\"wp-image-3739\" srcset=\"https:\/\/staging.llandaffcathedral.org.uk\/app\/uploads\/sites\/2\/2023\/09\/20230709_ADP_2559-Enhanced-NR-1024x682.jpg 1024w, https:\/\/staging.llandaffcathedral.org.uk\/app\/uploads\/sites\/2\/2023\/09\/20230709_ADP_2559-Enhanced-NR-300x200.jpg 300w, https:\/\/staging.llandaffcathedral.org.uk\/app\/uploads\/sites\/2\/2023\/09\/20230709_ADP_2559-Enhanced-NR-768x512.jpg 768w, https:\/\/staging.llandaffcathedral.org.uk\/app\/uploads\/sites\/2\/2023\/09\/20230709_ADP_2559-Enhanced-NR-1536x1024.jpg 1536w, https:\/\/staging.llandaffcathedral.org.uk\/app\/uploads\/sites\/2\/2023\/09\/20230709_ADP_2559-Enhanced-NR-2048x1365.jpg 2048w, https:\/\/staging.llandaffcathedral.org.uk\/app\/uploads\/sites\/2\/2023\/09\/20230709_ADP_2559-Enhanced-NR-1900x1266.jpg 1900w, https:\/\/staging.llandaffcathedral.org.uk\/app\/uploads\/sites\/2\/2023\/09\/20230709_ADP_2559-Enhanced-NR-1250x833.jpg 1250w, https:\/\/staging.llandaffcathedral.org.uk\/app\/uploads\/sites\/2\/2023\/09\/20230709_ADP_2559-Enhanced-NR-640x426.jpg 640w\" sizes=\"auto, (max-width: 1024px) 100vw, 1024px\" \/><figcaption class=\"wp-element-caption\">Sesiwn Tynnu Lluniau C\u00f4r y Gadeirlan yn Llandaf ar 09 Gorffennaf 2023. Llun: Adam Davies<\/figcaption><\/figure>\n\n\n<section class=\"banner contained blue-400\" arial-label=\"Hoffech chi fod yn rhan o\u2019r c\u00f4r yn Eglwys Gadeiriol Llandaf?\">\n  <div class=\"image\" id=\"\">\n    <img loading=\"lazy\" decoding=\"async\" width=\"1024\" height=\"380\" src=\"https:\/\/staging.llandaffcathedral.org.uk\/app\/uploads\/sites\/2\/2023\/01\/cathedral-interior5-1024x380.jpg\" class=\"attachment-image_5_1 size-image_5_1\" alt=\"\" \/>\n  <\/div>\n  <div class=\"grid-container\">\n    \n\n<h2 class=\"wp-block-heading\">Hoffech chi fod yn rhan o\u2019r c\u00f4r yn Eglwys Gadeiriol Llandaf?<\/h2>\n\n\n<div class=\"buttons align-\">\n    <a href=\"mailto:stephenmoore@llandaffcathedral.org.uk\" title=\"Ymunwch \u00e2 Ni\" \n       class=\"button white   \">\n\n      \n      Ymunwch \u00e2 Ni\n    <\/a>\n  <\/div>\n\n\n  <\/div>\n<\/section>\n","protected":false},"excerpt":{"rendered":"<p>Mae C\u00f4r y Gadeirlan yn canu mewn saith gwasanaeth yr wythnos yn ystod y tymor. Dechreuodd y c\u00f4r yn ei ffurf bresennol yn dilyn adferiad Fictoraidd adeilad y Gadeirlan, a sefydlwyd Ysgol y Gadeirlan yn Llandaf gan Dean Henry Vaughan yn 1880 i addysgu bechgyn C\u00f4r y Gadeirlan. Sefydlwyd C\u00f4r Merched y Gadeirlan gan Ysgol &hellip; <a href=\"https:\/\/staging.llandaffcathedral.org.uk\/cy\/music\/the-cathedral-choir\/\">Continued<\/a><\/p>\n","protected":false},"author":4,"featured_media":3739,"parent":8,"menu_order":0,"comment_status":"closed","ping_status":"closed","template":"","meta":{"_acf_changed":false,"footnotes":""},"class_list":["post-25","page","type-page","status-publish","has-post-thumbnail","hentry"],"acf":[],"yoast_head":"<!-- This site is optimized with the Yoast SEO plugin v27.2 - https:\/\/yoast.com\/product\/yoast-seo-wordpress\/ -->\n<title>C\u00f4r y Gadeirlan - Eglwys Gadeiriol Llandaf<\/title>\n<meta name=\"robots\" content=\"noindex, follow, max-snippet:-1, max-image-preview:large, max-video-preview:-1\" \/>\n<meta property=\"og:locale\" content=\"en_US\" \/>\n<meta property=\"og:type\" content=\"article\" \/>\n<meta property=\"og:title\" content=\"C\u00f4r y Gadeirlan - Eglwys Gadeiriol Llandaf\" \/>\n<meta property=\"og:description\" content=\"Mae C\u00f4r y Gadeirlan yn canu mewn saith gwasanaeth yr wythnos yn ystod y tymor. Dechreuodd y c\u00f4r yn ei ffurf bresennol yn dilyn adferiad Fictoraidd adeilad y Gadeirlan, a sefydlwyd Ysgol y Gadeirlan yn Llandaf gan Dean Henry Vaughan yn 1880 i addysgu bechgyn C\u00f4r y Gadeirlan. Sefydlwyd C\u00f4r Merched y Gadeirlan gan Ysgol &hellip; Continued\" \/>\n<meta property=\"og:url\" content=\"https:\/\/staging.llandaffcathedral.org.uk\/cy\/music\/the-cathedral-choir\/\" \/>\n<meta property=\"og:site_name\" content=\"Eglwys Gadeiriol Llandaf\" \/>\n<meta property=\"article:modified_time\" content=\"2024-02-26T14:18:44+00:00\" \/>\n<meta property=\"og:image\" content=\"https:\/\/staging.llandaffcathedral.org.uk\/app\/uploads\/sites\/2\/2023\/09\/20230709_ADP_2559-Enhanced-NR-scaled.jpg\" \/>\n\t<meta property=\"og:image:width\" content=\"2560\" \/>\n\t<meta property=\"og:image:height\" content=\"1707\" \/>\n\t<meta property=\"og:image:type\" content=\"image\/jpeg\" \/>\n<meta name=\"twitter:card\" content=\"summary_large_image\" \/>\n<meta name=\"twitter:label1\" content=\"Est. reading time\" \/>\n\t<meta name=\"twitter:data1\" content=\"5 munud\" \/>\n<script type=\"application\/ld+json\" class=\"yoast-schema-graph\">{\"@context\":\"https:\/\/schema.org\",\"@graph\":[{\"@type\":\"WebPage\",\"@id\":\"https:\/\/staging.llandaffcathedral.org.uk\/cy\/music\/the-cathedral-choir\/\",\"url\":\"https:\/\/staging.llandaffcathedral.org.uk\/cy\/music\/the-cathedral-choir\/\",\"name\":\"C\u00f4r y Gadeirlan - Eglwys Gadeiriol Llandaf\",\"isPartOf\":{\"@id\":\"https:\/\/staging.llandaffcathedral.org.uk\/cy\/#website\"},\"primaryImageOfPage\":{\"@id\":\"https:\/\/staging.llandaffcathedral.org.uk\/cy\/music\/the-cathedral-choir\/#primaryimage\"},\"image\":{\"@id\":\"https:\/\/staging.llandaffcathedral.org.uk\/cy\/music\/the-cathedral-choir\/#primaryimage\"},\"thumbnailUrl\":\"https:\/\/staging.llandaffcathedral.org.uk\/app\/uploads\/sites\/2\/2023\/09\/20230709_ADP_2559-Enhanced-NR-scaled.jpg\",\"datePublished\":\"2022-10-19T14:25:06+00:00\",\"dateModified\":\"2024-02-26T14:18:44+00:00\",\"breadcrumb\":{\"@id\":\"https:\/\/staging.llandaffcathedral.org.uk\/cy\/music\/the-cathedral-choir\/#breadcrumb\"},\"inLanguage\":\"cy\",\"potentialAction\":[{\"@type\":\"ReadAction\",\"target\":[\"https:\/\/staging.llandaffcathedral.org.uk\/cy\/music\/the-cathedral-choir\/\"]}]},{\"@type\":\"ImageObject\",\"inLanguage\":\"cy\",\"@id\":\"https:\/\/staging.llandaffcathedral.org.uk\/cy\/music\/the-cathedral-choir\/#primaryimage\",\"url\":\"https:\/\/staging.llandaffcathedral.org.uk\/app\/uploads\/sites\/2\/2023\/09\/20230709_ADP_2559-Enhanced-NR-scaled.jpg\",\"contentUrl\":\"https:\/\/staging.llandaffcathedral.org.uk\/app\/uploads\/sites\/2\/2023\/09\/20230709_ADP_2559-Enhanced-NR-scaled.jpg\",\"width\":2560,\"height\":1707,\"caption\":\"Llandaff Cathedral Choir Photo Shoot at Cathedral Cl, Llandaff, Cardiff, Wales on 09 July 2023. Photo: Adam Davies\"},{\"@type\":\"BreadcrumbList\",\"@id\":\"https:\/\/staging.llandaffcathedral.org.uk\/cy\/music\/the-cathedral-choir\/#breadcrumb\",\"itemListElement\":[{\"@type\":\"ListItem\",\"position\":1,\"name\":\"Home\",\"item\":\"https:\/\/staging.llandaffcathedral.org.uk\/cy\/\"},{\"@type\":\"ListItem\",\"position\":2,\"name\":\"Cerddoriaeth\",\"item\":\"https:\/\/staging.llandaffcathedral.org.uk\/cy\/music\/\"},{\"@type\":\"ListItem\",\"position\":3,\"name\":\"C\u00f4r y Gadeirlan\"}]},{\"@type\":\"WebSite\",\"@id\":\"https:\/\/staging.llandaffcathedral.org.uk\/cy\/#website\",\"url\":\"https:\/\/staging.llandaffcathedral.org.uk\/cy\/\",\"name\":\"Eglwys Gadeiriol Llandaf\",\"description\":\"\",\"potentialAction\":[{\"@type\":\"SearchAction\",\"target\":{\"@type\":\"EntryPoint\",\"urlTemplate\":\"https:\/\/staging.llandaffcathedral.org.uk\/cy\/?s={search_term_string}\"},\"query-input\":{\"@type\":\"PropertyValueSpecification\",\"valueRequired\":true,\"valueName\":\"search_term_string\"}}],\"inLanguage\":\"cy\"}]}<\/script>\n<!-- \/ Yoast SEO plugin. -->","yoast_head_json":{"title":"C\u00f4r y Gadeirlan - Eglwys Gadeiriol Llandaf","robots":{"index":"noindex","follow":"follow","max-snippet":"max-snippet:-1","max-image-preview":"max-image-preview:large","max-video-preview":"max-video-preview:-1"},"og_locale":"en_US","og_type":"article","og_title":"C\u00f4r y Gadeirlan - Eglwys Gadeiriol Llandaf","og_description":"Mae C\u00f4r y Gadeirlan yn canu mewn saith gwasanaeth yr wythnos yn ystod y tymor. Dechreuodd y c\u00f4r yn ei ffurf bresennol yn dilyn adferiad Fictoraidd adeilad y Gadeirlan, a sefydlwyd Ysgol y Gadeirlan yn Llandaf gan Dean Henry Vaughan yn 1880 i addysgu bechgyn C\u00f4r y Gadeirlan. Sefydlwyd C\u00f4r Merched y Gadeirlan gan Ysgol &hellip; Continued","og_url":"https:\/\/staging.llandaffcathedral.org.uk\/cy\/music\/the-cathedral-choir\/","og_site_name":"Eglwys Gadeiriol Llandaf","article_modified_time":"2024-02-26T14:18:44+00:00","og_image":[{"width":2560,"height":1707,"url":"https:\/\/staging.llandaffcathedral.org.uk\/app\/uploads\/sites\/2\/2023\/09\/20230709_ADP_2559-Enhanced-NR-scaled.jpg","type":"image\/jpeg"}],"twitter_card":"summary_large_image","twitter_misc":{"Est. reading time":"5 munud"},"schema":{"@context":"https:\/\/schema.org","@graph":[{"@type":"WebPage","@id":"https:\/\/staging.llandaffcathedral.org.uk\/cy\/music\/the-cathedral-choir\/","url":"https:\/\/staging.llandaffcathedral.org.uk\/cy\/music\/the-cathedral-choir\/","name":"C\u00f4r y Gadeirlan - Eglwys Gadeiriol Llandaf","isPartOf":{"@id":"https:\/\/staging.llandaffcathedral.org.uk\/cy\/#website"},"primaryImageOfPage":{"@id":"https:\/\/staging.llandaffcathedral.org.uk\/cy\/music\/the-cathedral-choir\/#primaryimage"},"image":{"@id":"https:\/\/staging.llandaffcathedral.org.uk\/cy\/music\/the-cathedral-choir\/#primaryimage"},"thumbnailUrl":"https:\/\/staging.llandaffcathedral.org.uk\/app\/uploads\/sites\/2\/2023\/09\/20230709_ADP_2559-Enhanced-NR-scaled.jpg","datePublished":"2022-10-19T14:25:06+00:00","dateModified":"2024-02-26T14:18:44+00:00","breadcrumb":{"@id":"https:\/\/staging.llandaffcathedral.org.uk\/cy\/music\/the-cathedral-choir\/#breadcrumb"},"inLanguage":"cy","potentialAction":[{"@type":"ReadAction","target":["https:\/\/staging.llandaffcathedral.org.uk\/cy\/music\/the-cathedral-choir\/"]}]},{"@type":"ImageObject","inLanguage":"cy","@id":"https:\/\/staging.llandaffcathedral.org.uk\/cy\/music\/the-cathedral-choir\/#primaryimage","url":"https:\/\/staging.llandaffcathedral.org.uk\/app\/uploads\/sites\/2\/2023\/09\/20230709_ADP_2559-Enhanced-NR-scaled.jpg","contentUrl":"https:\/\/staging.llandaffcathedral.org.uk\/app\/uploads\/sites\/2\/2023\/09\/20230709_ADP_2559-Enhanced-NR-scaled.jpg","width":2560,"height":1707,"caption":"Llandaff Cathedral Choir Photo Shoot at Cathedral Cl, Llandaff, Cardiff, Wales on 09 July 2023. Photo: Adam Davies"},{"@type":"BreadcrumbList","@id":"https:\/\/staging.llandaffcathedral.org.uk\/cy\/music\/the-cathedral-choir\/#breadcrumb","itemListElement":[{"@type":"ListItem","position":1,"name":"Home","item":"https:\/\/staging.llandaffcathedral.org.uk\/cy\/"},{"@type":"ListItem","position":2,"name":"Cerddoriaeth","item":"https:\/\/staging.llandaffcathedral.org.uk\/cy\/music\/"},{"@type":"ListItem","position":3,"name":"C\u00f4r y Gadeirlan"}]},{"@type":"WebSite","@id":"https:\/\/staging.llandaffcathedral.org.uk\/cy\/#website","url":"https:\/\/staging.llandaffcathedral.org.uk\/cy\/","name":"Eglwys Gadeiriol Llandaf","description":"","potentialAction":[{"@type":"SearchAction","target":{"@type":"EntryPoint","urlTemplate":"https:\/\/staging.llandaffcathedral.org.uk\/cy\/?s={search_term_string}"},"query-input":{"@type":"PropertyValueSpecification","valueRequired":true,"valueName":"search_term_string"}}],"inLanguage":"cy"}]}},"_links":{"self":[{"href":"https:\/\/staging.llandaffcathedral.org.uk\/cy\/wp-json\/wp\/v2\/pages\/25","targetHints":{"allow":["GET"]}}],"collection":[{"href":"https:\/\/staging.llandaffcathedral.org.uk\/cy\/wp-json\/wp\/v2\/pages"}],"about":[{"href":"https:\/\/staging.llandaffcathedral.org.uk\/cy\/wp-json\/wp\/v2\/types\/page"}],"author":[{"embeddable":true,"href":"https:\/\/staging.llandaffcathedral.org.uk\/cy\/wp-json\/wp\/v2\/users\/4"}],"replies":[{"embeddable":true,"href":"https:\/\/staging.llandaffcathedral.org.uk\/cy\/wp-json\/wp\/v2\/comments?post=25"}],"version-history":[{"count":52,"href":"https:\/\/staging.llandaffcathedral.org.uk\/cy\/wp-json\/wp\/v2\/pages\/25\/revisions"}],"predecessor-version":[{"id":4525,"href":"https:\/\/staging.llandaffcathedral.org.uk\/cy\/wp-json\/wp\/v2\/pages\/25\/revisions\/4525"}],"up":[{"embeddable":true,"href":"https:\/\/staging.llandaffcathedral.org.uk\/cy\/wp-json\/wp\/v2\/pages\/8"}],"wp:featuredmedia":[{"embeddable":true,"href":"https:\/\/staging.llandaffcathedral.org.uk\/cy\/wp-json\/wp\/v2\/media\/3739"}],"wp:attachment":[{"href":"https:\/\/staging.llandaffcathedral.org.uk\/cy\/wp-json\/wp\/v2\/media?parent=25"}],"curies":[{"name":"wp","href":"https:\/\/api.w.org\/{rel}","templated":true}]}}