{"id":1003,"date":"2023-03-06T12:06:13","date_gmt":"2023-03-06T12:06:13","guid":{"rendered":"https:\/\/www.llandaffcathedral.org.uk\/cy\/?page_id=1003"},"modified":"2024-02-27T14:58:06","modified_gmt":"2024-02-27T14:58:06","slug":"church-monuments-of-the-13th-to-16th-centuries","status":"publish","type":"page","link":"https:\/\/staging.llandaffcathedral.org.uk\/cy\/discover-the-cathedral\/church-monuments-of-the-13th-to-16th-centuries\/","title":{"rendered":"Cofebau\u2019r Eglwys o\u2019r 13eg i\u2019r 16eg ganrif"},"content":{"rendered":"\n<p>Mae gan y Gaderilan gasgliad clodwiw o gofebau delwol. Mae amryw ohonynt wedi bod yn destun astudiaeth a chrynodeb yn unig a geir yma. Am ragor o wybodaeth,,&nbsp;<a href=\"https:\/\/www.llandaffcathedral.org.uk\/discover-the-cathedral\/further-reading\/\">gweler yr adran Darllen Pellach isod<\/a>&nbsp;o dan Rh. Biebrach ac M. Gray.<\/p>\n\n\n\n<p>Mae\u2019r ddelw sydd mewn cilfach yn yr Eil Ddeheuol yn cael ei dddehongli\u2019n dradodiadol fel darluniad o\u2019r Esgob Henri o\u2019r Fenni (m. 1218). Er nad yw\u2019r cynllun sydd i\u2019w weld yn astudiaeth Browne Willis o\u2019r Gadeirlan a gyhoeddwyd ym 1719 yn gwbl gywir, efallai mai dyma\u2019r ddelw o \u2018Gofeb o Esgob wedi\u2019i ddifwyno\u2019. Os felly, fe\u2019i symudwyd i\u2019w safle bresennol yn ddiweddarach, gan fod cynllun 1719 yn ei leoli i\u2019r dwyrain o D\u0177\u2019r Cabidwl.<\/p>\n\n\n\n<p>Ymhellach ar hyd yr eil ddwyreiniol ac o dan risiau\u2019r organ, gwelir maen lled-ddelwol wedi erydu o Philip Taverner a\u2019i wraig. Mae\u2019r ysgrifiad wedi\u2019i gofnodi mewn llawysgrif yn Llyfrgell Bodleian, Rhydychen.<\/p>\n\n\n\n<p>Ar yr ochr ddeheuol, mewn cilfach yng Nghapel Teilo, gwelir delw alabastr honedig o\u2019r Foneddiges Christian Audley (m.1409).<\/p>\n\n\n\n<p>Mae tri delw esgobaethol o\u2019r 13eg ganrif, ond yn fwy diweddar na rhai Henry, yn cynrychioli\u2019r Saint Dyfrig, Teilo ac Euddogwy. Nid yw safle gwreiddiol y ffigyrau\u2019n sicr a cheir s\u00f4n, efallai eu bod wedi\u2019u gosod are u traed mewn cilfachau ar y talcen gorllewinol. Mae delwau Euddogwy i\u2019w gweld I\u2019r gogledd o\u2019r corff, gyda Theilo\u2019n gorwedd ar safle\u2019i feddrod yn y cysegr, yn Dilyn adnewyddiad yn oes Fictoria. I\u2019r chwith o ben yr Esgob, gwelir delwau\u2019r Forwyn a\u2019r Baban wedi\u2019u difrodi. Islaw\u2019r ddelw, gwelir golygfeydd o fywyd Teilo a gr\u00ebwyd gan Frank Roper ym 1973.<\/p>\n\n\n\n<p>Mae\u2019r trydydd Esgob, Dyfrig, wedi\u2019\u2019i leoli gyferbyn \u00e2\u2019r fynedfa i\u2019r Capel sy\u2019n dwyn ei new, ond a adnabyddwyd yn wreiddiol fel Capel Mathew. Mae\u2019r \u2018beddrod\u2019 yn gymysgedd o ddwy gofeb sy\u2019n dyddio o\u2019r 13eg i\u2019r 15ed ganrif. Ar gynllun Browne Willis, dsigrifir y gofeb fel \u2018Cofebau honedig yr Esgob Bromfield\u2019. Bu farw Edward Bromfield ym 1393 ac fe\u2019i gysegrwyd yn Esgob Llandaf ym mis Ionawr 1390. &nbsp;<\/p>\n\n\n\n<p>Mae dwy nodwedd arbennig yn perthyn i\u2019r beddrod. O dan y bwa, mae esiampl o Ddelwedd Tosturi, darluniad o Grist yn godi o\u2019i arch, gyda chlwyfau wedi\u2019u paentio\u2019n wreiddiol. Yng nghefn y gilfach gwelir tarian sy\u2019n arddangos arfau\u2019r dioddefaint, er enghraifft yr ordd a\u2019r hoelion o\u2019r croeshoelio.<\/p>\n\n\n\n<p>Ceir tri chofeb nodedig arall yng Nghapel Dyfrig. Yn y mur gogleddol, mae cerfiad o gorff pwy bynnag a gladdwyd yno. Dim ond tri chofeb tebyg sydd i\u2019w gweld yng Nghymru. Mae cofebau tebyg yn dyddio o\u2019r 15ed i\u2019r 16eg ganrif ac i atgoffa pobl i baratoi ar gyfer eu marwolaeth.<\/p>\n\n\n\n<p>O\u2019r tri delw o aelodau\u2019r Teulu Mathew o Landaf a Radyr, mae dau yn gorwedd yng Nghapel Dyfrig. David Mathew yw\u2019r ffigwr ar ei ben ei hun. Mae tipyn o fytholeg yn gysylltiedig \u00e2 David Mathew, megis achub bywyd Brenin Edward IV ym mrwydr Towton ym 1461. Erbyn y 1450au, roedd wedi cyrraedd canol oed, ac felly\u2019n anhebygol o fod wedi ymladd yn y frwydr. Mae\u2019n anhebygol hefyd y cafodd ei urddo\u2019n farchog. Lleoliad gwreiddiol y ddelw oedd yng nghornel gogledd-orllewinol y capel. Gweler&nbsp;<a href=\"https:\/\/www.walesonline.co.uk\/lifestyle\/nostalgia\/welsh-history-month-tomb-david-3406443\">https:\/\/www.walesonline.co.uk\/lifestyle\/nostalgia\/welsh-history-month-tomb-david-3406443<\/a><\/p>\n\n\n\n<p>Mae beddrod \u0175yr David, Christopher Mathew Ysw (m ar \u00f4l 1531), yngh\u0177d \u00e2\u2019i wraig, Elizabeth, i\u2019w weld yn y gilfach rhwng Capel Mair a Chapel Dyfrig. Mae ychydig o\u2019r gwaith paent wedi goroesi \u2013 buasai\u2019r rhelyw o\u2019r ffigyrau yma wedi\u2019u paentio\u2019n wreiddiol. Mae g\u0175r gweddigar wrthi\u2019n gwedd\u00efo, er yn cysgu, i\u2019w weld o dan droed un o\u2019r delwau.<\/p>\n\n\n\n<p>Mae\u2019r ddelw arall yng Nghapel Dyfrig yn cynrychioli John Marshall, Esgob Llandaf (1478-96) yn y man nodwyd yn ei ewyllys. Mae\u2019n ddadleuol os yw\u2019r gist sy\u2019n dal y ddelw yn wreiddiol ai peidio ac mae ategiad at y beddrod ar un pen yn esiampl arall o arfau\u2019r dioddefaint.<\/p>\n\n\n\n<p>Yng nghornel gogledd-ddwyreiniol Capel Mair, gwelir delw Gwilym Brewys, Esgob Llandaf (1266-87) ac adeiladwr y capel. Mae\u2019n dwyn yr ysgrifiad WILLELMUS DE BREWSA EP\u2019S LA\u2019D. Mae cynllun 1719 yn dangos y ddelw yn yr union man lle\u2019i gwelir heddiw, er fod yr Esgob wedi colli\u2019i draed yn y cyfamser.<\/p>\n\n\n\n<p>Mae trydydd beddrod sy\u2019n perthyn i deulu Mathew, Syr William (m. 1528) a\u2019r Fonesig Jenet, i\u2019w weld ger y pulpud yn y corff. Dyma\u2019r lleliad gwreiddiol, yn \u00f4l cynllun 1719, er ei fod wedi\u2019i amgylchynu \u00e2 rheiliau yn y cyfnod hwnnw. Ar ryw adeg, fe\u2019i symudwyd i sefyll ar ei draed yn Nh\u0177\u2019r Cabidwl . Urddwyd William gan Harri\u2019r Wythfed am ei gyfraniad i ymgyrch Harri yn Ffrainc ym 1513.<\/p>\n\n\n\n<p>Am ragor o wybodaeth, gwasgwch y botwm isod.<\/p>\n\n\n<div class=\"buttons align-\">\n    <a href=\"https:\/\/churchmonumentssociety.org\/2020\/05\/22\/llandaff-cathedral-a-virtual-study-day%20and%20https:\/\/churchmonumentssociety.org\/2020\/05\/23\/llandaff-cathedral-virtual-study-day-part-2\" title=\"Ewch i\u2019r Dolen gyswllt\" \n       class=\"button primary   \">\n\n      \n      Ewch i\u2019r Dolen gyswllt\n    <\/a>\n  <\/div>\n","protected":false},"excerpt":{"rendered":"<p>Mae gan y Gaderilan gasgliad clodwiw o gofebau delwol. Mae amryw ohonynt wedi bod yn destun astudiaeth a chrynodeb yn unig a geir yma. Am ragor o wybodaeth,,&nbsp;gweler yr adran Darllen Pellach isod&nbsp;o dan Rh. Biebrach ac M. Gray. Mae\u2019r ddelw sydd mewn cilfach yn yr Eil Ddeheuol yn cael ei dddehongli\u2019n dradodiadol fel darluniad &hellip; <a href=\"https:\/\/staging.llandaffcathedral.org.uk\/cy\/discover-the-cathedral\/church-monuments-of-the-13th-to-16th-centuries\/\">Continued<\/a><\/p>\n","protected":false},"author":2,"featured_media":1114,"parent":999,"menu_order":0,"comment_status":"closed","ping_status":"closed","template":"","meta":{"_acf_changed":false,"footnotes":""},"class_list":["post-1003","page","type-page","status-publish","has-post-thumbnail","hentry"],"acf":[],"yoast_head":"<!-- This site is optimized with the Yoast SEO plugin v27.2 - https:\/\/yoast.com\/product\/yoast-seo-wordpress\/ -->\n<title>Cofebau\u2019r Eglwys o\u2019r 13eg i\u2019r 16eg ganrif - Eglwys Gadeiriol Llandaf<\/title>\n<meta name=\"robots\" content=\"noindex, follow, max-snippet:-1, max-image-preview:large, max-video-preview:-1\" \/>\n<meta property=\"og:locale\" content=\"en_US\" \/>\n<meta property=\"og:type\" content=\"article\" \/>\n<meta property=\"og:title\" content=\"Cofebau\u2019r Eglwys o\u2019r 13eg i\u2019r 16eg ganrif - Eglwys Gadeiriol Llandaf\" \/>\n<meta property=\"og:description\" content=\"Mae gan y Gaderilan gasgliad clodwiw o gofebau delwol. Mae amryw ohonynt wedi bod yn destun astudiaeth a chrynodeb yn unig a geir yma. Am ragor o wybodaeth,,&nbsp;gweler yr adran Darllen Pellach isod&nbsp;o dan Rh. Biebrach ac M. Gray. Mae\u2019r ddelw sydd mewn cilfach yn yr Eil Ddeheuol yn cael ei dddehongli\u2019n dradodiadol fel darluniad &hellip; Continued\" \/>\n<meta property=\"og:url\" content=\"https:\/\/staging.llandaffcathedral.org.uk\/cy\/discover-the-cathedral\/church-monuments-of-the-13th-to-16th-centuries\/\" \/>\n<meta property=\"og:site_name\" content=\"Eglwys Gadeiriol Llandaf\" \/>\n<meta property=\"article:modified_time\" content=\"2024-02-27T14:58:06+00:00\" \/>\n<meta property=\"og:image\" content=\"https:\/\/staging.llandaffcathedral.org.uk\/app\/uploads\/sites\/2\/2023\/03\/BW5R8819.jpg\" \/>\n\t<meta property=\"og:image:width\" content=\"1244\" \/>\n\t<meta property=\"og:image:height\" content=\"829\" \/>\n\t<meta property=\"og:image:type\" content=\"image\/jpeg\" \/>\n<meta name=\"twitter:card\" content=\"summary_large_image\" \/>\n<meta name=\"twitter:label1\" content=\"Est. reading time\" \/>\n\t<meta name=\"twitter:data1\" content=\"5 munud\" \/>\n<script type=\"application\/ld+json\" class=\"yoast-schema-graph\">{\"@context\":\"https:\/\/schema.org\",\"@graph\":[{\"@type\":\"WebPage\",\"@id\":\"https:\/\/staging.llandaffcathedral.org.uk\/cy\/discover-the-cathedral\/church-monuments-of-the-13th-to-16th-centuries\/\",\"url\":\"https:\/\/staging.llandaffcathedral.org.uk\/cy\/discover-the-cathedral\/church-monuments-of-the-13th-to-16th-centuries\/\",\"name\":\"Cofebau\u2019r Eglwys o\u2019r 13eg i\u2019r 16eg ganrif - Eglwys Gadeiriol Llandaf\",\"isPartOf\":{\"@id\":\"https:\/\/staging.llandaffcathedral.org.uk\/cy\/#website\"},\"primaryImageOfPage\":{\"@id\":\"https:\/\/staging.llandaffcathedral.org.uk\/cy\/discover-the-cathedral\/church-monuments-of-the-13th-to-16th-centuries\/#primaryimage\"},\"image\":{\"@id\":\"https:\/\/staging.llandaffcathedral.org.uk\/cy\/discover-the-cathedral\/church-monuments-of-the-13th-to-16th-centuries\/#primaryimage\"},\"thumbnailUrl\":\"https:\/\/staging.llandaffcathedral.org.uk\/app\/uploads\/sites\/2\/2023\/03\/BW5R8819.jpg\",\"datePublished\":\"2023-03-06T12:06:13+00:00\",\"dateModified\":\"2024-02-27T14:58:06+00:00\",\"breadcrumb\":{\"@id\":\"https:\/\/staging.llandaffcathedral.org.uk\/cy\/discover-the-cathedral\/church-monuments-of-the-13th-to-16th-centuries\/#breadcrumb\"},\"inLanguage\":\"cy\",\"potentialAction\":[{\"@type\":\"ReadAction\",\"target\":[\"https:\/\/staging.llandaffcathedral.org.uk\/cy\/discover-the-cathedral\/church-monuments-of-the-13th-to-16th-centuries\/\"]}]},{\"@type\":\"ImageObject\",\"inLanguage\":\"cy\",\"@id\":\"https:\/\/staging.llandaffcathedral.org.uk\/cy\/discover-the-cathedral\/church-monuments-of-the-13th-to-16th-centuries\/#primaryimage\",\"url\":\"https:\/\/staging.llandaffcathedral.org.uk\/app\/uploads\/sites\/2\/2023\/03\/BW5R8819.jpg\",\"contentUrl\":\"https:\/\/staging.llandaffcathedral.org.uk\/app\/uploads\/sites\/2\/2023\/03\/BW5R8819.jpg\",\"width\":1244,\"height\":829},{\"@type\":\"BreadcrumbList\",\"@id\":\"https:\/\/staging.llandaffcathedral.org.uk\/cy\/discover-the-cathedral\/church-monuments-of-the-13th-to-16th-centuries\/#breadcrumb\",\"itemListElement\":[{\"@type\":\"ListItem\",\"position\":1,\"name\":\"Home\",\"item\":\"https:\/\/staging.llandaffcathedral.org.uk\/cy\/\"},{\"@type\":\"ListItem\",\"position\":2,\"name\":\"Discover the Cathedral\",\"item\":\"https:\/\/staging.llandaffcathedral.org.uk\/cy\/discover-the-cathedral\/\"},{\"@type\":\"ListItem\",\"position\":3,\"name\":\"Cofebau\u2019r Eglwys o\u2019r 13eg i\u2019r 16eg ganrif\"}]},{\"@type\":\"WebSite\",\"@id\":\"https:\/\/staging.llandaffcathedral.org.uk\/cy\/#website\",\"url\":\"https:\/\/staging.llandaffcathedral.org.uk\/cy\/\",\"name\":\"Eglwys Gadeiriol Llandaf\",\"description\":\"\",\"potentialAction\":[{\"@type\":\"SearchAction\",\"target\":{\"@type\":\"EntryPoint\",\"urlTemplate\":\"https:\/\/staging.llandaffcathedral.org.uk\/cy\/?s={search_term_string}\"},\"query-input\":{\"@type\":\"PropertyValueSpecification\",\"valueRequired\":true,\"valueName\":\"search_term_string\"}}],\"inLanguage\":\"cy\"}]}<\/script>\n<!-- \/ Yoast SEO plugin. -->","yoast_head_json":{"title":"Cofebau\u2019r Eglwys o\u2019r 13eg i\u2019r 16eg ganrif - Eglwys Gadeiriol Llandaf","robots":{"index":"noindex","follow":"follow","max-snippet":"max-snippet:-1","max-image-preview":"max-image-preview:large","max-video-preview":"max-video-preview:-1"},"og_locale":"en_US","og_type":"article","og_title":"Cofebau\u2019r Eglwys o\u2019r 13eg i\u2019r 16eg ganrif - Eglwys Gadeiriol Llandaf","og_description":"Mae gan y Gaderilan gasgliad clodwiw o gofebau delwol. Mae amryw ohonynt wedi bod yn destun astudiaeth a chrynodeb yn unig a geir yma. Am ragor o wybodaeth,,&nbsp;gweler yr adran Darllen Pellach isod&nbsp;o dan Rh. Biebrach ac M. Gray. Mae\u2019r ddelw sydd mewn cilfach yn yr Eil Ddeheuol yn cael ei dddehongli\u2019n dradodiadol fel darluniad &hellip; Continued","og_url":"https:\/\/staging.llandaffcathedral.org.uk\/cy\/discover-the-cathedral\/church-monuments-of-the-13th-to-16th-centuries\/","og_site_name":"Eglwys Gadeiriol Llandaf","article_modified_time":"2024-02-27T14:58:06+00:00","og_image":[{"width":1244,"height":829,"url":"https:\/\/staging.llandaffcathedral.org.uk\/app\/uploads\/sites\/2\/2023\/03\/BW5R8819.jpg","type":"image\/jpeg"}],"twitter_card":"summary_large_image","twitter_misc":{"Est. reading time":"5 munud"},"schema":{"@context":"https:\/\/schema.org","@graph":[{"@type":"WebPage","@id":"https:\/\/staging.llandaffcathedral.org.uk\/cy\/discover-the-cathedral\/church-monuments-of-the-13th-to-16th-centuries\/","url":"https:\/\/staging.llandaffcathedral.org.uk\/cy\/discover-the-cathedral\/church-monuments-of-the-13th-to-16th-centuries\/","name":"Cofebau\u2019r Eglwys o\u2019r 13eg i\u2019r 16eg ganrif - Eglwys Gadeiriol Llandaf","isPartOf":{"@id":"https:\/\/staging.llandaffcathedral.org.uk\/cy\/#website"},"primaryImageOfPage":{"@id":"https:\/\/staging.llandaffcathedral.org.uk\/cy\/discover-the-cathedral\/church-monuments-of-the-13th-to-16th-centuries\/#primaryimage"},"image":{"@id":"https:\/\/staging.llandaffcathedral.org.uk\/cy\/discover-the-cathedral\/church-monuments-of-the-13th-to-16th-centuries\/#primaryimage"},"thumbnailUrl":"https:\/\/staging.llandaffcathedral.org.uk\/app\/uploads\/sites\/2\/2023\/03\/BW5R8819.jpg","datePublished":"2023-03-06T12:06:13+00:00","dateModified":"2024-02-27T14:58:06+00:00","breadcrumb":{"@id":"https:\/\/staging.llandaffcathedral.org.uk\/cy\/discover-the-cathedral\/church-monuments-of-the-13th-to-16th-centuries\/#breadcrumb"},"inLanguage":"cy","potentialAction":[{"@type":"ReadAction","target":["https:\/\/staging.llandaffcathedral.org.uk\/cy\/discover-the-cathedral\/church-monuments-of-the-13th-to-16th-centuries\/"]}]},{"@type":"ImageObject","inLanguage":"cy","@id":"https:\/\/staging.llandaffcathedral.org.uk\/cy\/discover-the-cathedral\/church-monuments-of-the-13th-to-16th-centuries\/#primaryimage","url":"https:\/\/staging.llandaffcathedral.org.uk\/app\/uploads\/sites\/2\/2023\/03\/BW5R8819.jpg","contentUrl":"https:\/\/staging.llandaffcathedral.org.uk\/app\/uploads\/sites\/2\/2023\/03\/BW5R8819.jpg","width":1244,"height":829},{"@type":"BreadcrumbList","@id":"https:\/\/staging.llandaffcathedral.org.uk\/cy\/discover-the-cathedral\/church-monuments-of-the-13th-to-16th-centuries\/#breadcrumb","itemListElement":[{"@type":"ListItem","position":1,"name":"Home","item":"https:\/\/staging.llandaffcathedral.org.uk\/cy\/"},{"@type":"ListItem","position":2,"name":"Discover the Cathedral","item":"https:\/\/staging.llandaffcathedral.org.uk\/cy\/discover-the-cathedral\/"},{"@type":"ListItem","position":3,"name":"Cofebau\u2019r Eglwys o\u2019r 13eg i\u2019r 16eg ganrif"}]},{"@type":"WebSite","@id":"https:\/\/staging.llandaffcathedral.org.uk\/cy\/#website","url":"https:\/\/staging.llandaffcathedral.org.uk\/cy\/","name":"Eglwys Gadeiriol Llandaf","description":"","potentialAction":[{"@type":"SearchAction","target":{"@type":"EntryPoint","urlTemplate":"https:\/\/staging.llandaffcathedral.org.uk\/cy\/?s={search_term_string}"},"query-input":{"@type":"PropertyValueSpecification","valueRequired":true,"valueName":"search_term_string"}}],"inLanguage":"cy"}]}},"_links":{"self":[{"href":"https:\/\/staging.llandaffcathedral.org.uk\/cy\/wp-json\/wp\/v2\/pages\/1003","targetHints":{"allow":["GET"]}}],"collection":[{"href":"https:\/\/staging.llandaffcathedral.org.uk\/cy\/wp-json\/wp\/v2\/pages"}],"about":[{"href":"https:\/\/staging.llandaffcathedral.org.uk\/cy\/wp-json\/wp\/v2\/types\/page"}],"author":[{"embeddable":true,"href":"https:\/\/staging.llandaffcathedral.org.uk\/cy\/wp-json\/wp\/v2\/users\/2"}],"replies":[{"embeddable":true,"href":"https:\/\/staging.llandaffcathedral.org.uk\/cy\/wp-json\/wp\/v2\/comments?post=1003"}],"version-history":[{"count":10,"href":"https:\/\/staging.llandaffcathedral.org.uk\/cy\/wp-json\/wp\/v2\/pages\/1003\/revisions"}],"predecessor-version":[{"id":4536,"href":"https:\/\/staging.llandaffcathedral.org.uk\/cy\/wp-json\/wp\/v2\/pages\/1003\/revisions\/4536"}],"up":[{"embeddable":true,"href":"https:\/\/staging.llandaffcathedral.org.uk\/cy\/wp-json\/wp\/v2\/pages\/999"}],"wp:featuredmedia":[{"embeddable":true,"href":"https:\/\/staging.llandaffcathedral.org.uk\/cy\/wp-json\/wp\/v2\/media\/1114"}],"wp:attachment":[{"href":"https:\/\/staging.llandaffcathedral.org.uk\/cy\/wp-json\/wp\/v2\/media?parent=1003"}],"curies":[{"name":"wp","href":"https:\/\/api.w.org\/{rel}","templated":true}]}}